{"id":891,"date":"2024-03-17T11:50:26","date_gmt":"2024-03-17T14:50:26","guid":{"rendered":"https:\/\/smartcriacao.com\/cinararocha\/?page_id=891"},"modified":"2024-10-08T15:13:02","modified_gmt":"2024-10-08T18:13:02","slug":"quienes-somos","status":"publish","type":"page","link":"https:\/\/semprenopetravel.com\/es\/quienes-somos\/","title":{"rendered":"Qui\u00e9nes Somos"},"content":{"rendered":"\t\t<div data-elementor-type=\"wp-page\" data-elementor-id=\"891\" class=\"elementor elementor-891\" data-elementor-post-type=\"page\">\n\t\t\t\t<div class=\"elementor-element elementor-element-370b6009 e-con-full e-flex wpr-particle-no wpr-jarallax-no wpr-parallax-no wpr-sticky-section-no e-con e-parent\" data-id=\"370b6009\" data-element_type=\"container\" data-settings=\"{&quot;jet_parallax_layout_list&quot;:[],&quot;background_background&quot;:&quot;classic&quot;}\">\n\t\t\t\t<div class=\"elementor-element elementor-element-75d2f675 elementor-widget elementor-widget-heading\" data-id=\"75d2f675\" data-element_type=\"widget\" data-widget_type=\"heading.default\">\n\t\t\t\t<div class=\"elementor-widget-container\">\n\t\t\t<h1 class=\"elementor-heading-title elementor-size-default\">\u00bfQUI\u00c9NES SOMOS?<\/h1>\t\t<\/div>\n\t\t\t\t<\/div>\n\t\t\t\t<\/div>\n\t\t<div class=\"elementor-element elementor-element-28dc4e87 e-con-full e-flex wpr-particle-no wpr-jarallax-no wpr-parallax-no wpr-sticky-section-no e-con e-parent\" data-id=\"28dc4e87\" data-element_type=\"container\" data-settings=\"{&quot;jet_parallax_layout_list&quot;:[]}\">\n\t\t<div class=\"elementor-element elementor-element-5e789954 e-flex e-con-boxed wpr-particle-no wpr-jarallax-no wpr-parallax-no wpr-sticky-section-no e-con e-child\" data-id=\"5e789954\" data-element_type=\"container\" data-settings=\"{&quot;jet_parallax_layout_list&quot;:[]}\">\n\t\t\t\t\t<div class=\"e-con-inner\">\n\t\t\t\t<div class=\"elementor-element elementor-element-22ba458b elementor-widget elementor-widget-heading\" data-id=\"22ba458b\" data-element_type=\"widget\" data-widget_type=\"heading.default\">\n\t\t\t\t<div class=\"elementor-widget-container\">\n\t\t\t<h2 class=\"elementor-heading-title elementor-size-default\">Bienvenido a Semprenop\u00e9 Travel!<\/h2>\t\t<\/div>\n\t\t\t\t<\/div>\n\t\t\t\t<div class=\"elementor-element elementor-element-613add14 elementor-widget elementor-widget-text-editor\" data-id=\"613add14\" data-element_type=\"widget\" data-widget_type=\"text-editor.default\">\n\t\t\t\t<div class=\"elementor-widget-container\">\n\t\t\t\t\t\t\t<p>Somos una agencia especializada en viajes personalizados, con sede en Vila Velha, Esp\u00edrito Santo. Nos sentimos felices de atender a clientes de todo Brasil y del exterior. Atendemos en portugu\u00e9s, espa\u00f1ol e ingl\u00e9s, facilitando as\u00ed la comunicaci\u00f3n.<\/p>\n<p>Nuestro objetivo es brindar experiencias de viajes \u00fanicas y memorables en los m\u00e1s diversos destinos de Brasil, Bolivia y el mundo.<\/p>\n<p>Desde la elecci\u00f3n de destinos hasta la selecci\u00f3n de los mejores servicios, planificamos cada paso seg\u00fan sus preferencias y dentro de su presupuesto, con atenci\u00f3n a los detalles, garantizando un itinerario exclusivo y personalizado. \u00a1Su sue\u00f1o de viajar es nuestra prioridad!<\/p>\n\t\t\t\t\t\t<\/div>\n\t\t\t\t<\/div>\n\t\t\t\t<div class=\"elementor-element elementor-element-51f36f1 elementor-position-left elementor-view-stacked elementor-shape-circle elementor-mobile-position-top elementor-vertical-align-top elementor-widget elementor-widget-icon-box\" data-id=\"51f36f1\" data-element_type=\"widget\" data-widget_type=\"icon-box.default\">\n\t\t\t\t<div class=\"elementor-widget-container\">\n\t\t\t\t\t<div class=\"elementor-icon-box-wrapper\">\n\n\t\t\t\t\t\t<div class=\"elementor-icon-box-icon\">\n\t\t\t\t<span  class=\"elementor-icon elementor-animation-\">\n\t\t\t\t<i aria-hidden=\"true\" class=\" ti-stats-up\"><\/i>\t\t\t\t<\/span>\n\t\t\t<\/div>\n\t\t\t\n\t\t\t\t\t\t<div class=\"elementor-icon-box-content\">\n\n\t\t\t\t\t\t\t\t\t<h3 class=\"elementor-icon-box-title\">\n\t\t\t\t\t\t<span  >\n\t\t\t\t\t\t\tMisi\u00f3n\t\t\t\t\t\t<\/span>\n\t\t\t\t\t<\/h3>\n\t\t\t\t\n\t\t\t\t\t\t\t\t\t<p class=\"elementor-icon-box-description\">\n\t\t\t\t\t\tCrear experiencias de viaje personalizadas, cuidando cada detalle con excelencia y dedicaci\u00f3n, para lograr que nuestros clientes vivan momentos \u00fanicos y memorables.\t\t\t\t\t<\/p>\n\t\t\t\t\n\t\t\t<\/div>\n\t\t\t\n\t\t<\/div>\n\t\t\t\t<\/div>\n\t\t\t\t<\/div>\n\t\t\t\t<div class=\"elementor-element elementor-element-3e4f9d6 elementor-position-left elementor-view-stacked elementor-shape-circle elementor-mobile-position-top elementor-vertical-align-top elementor-widget elementor-widget-icon-box\" data-id=\"3e4f9d6\" data-element_type=\"widget\" data-widget_type=\"icon-box.default\">\n\t\t\t\t<div class=\"elementor-widget-container\">\n\t\t\t\t\t<div class=\"elementor-icon-box-wrapper\">\n\n\t\t\t\t\t\t<div class=\"elementor-icon-box-icon\">\n\t\t\t\t<span  class=\"elementor-icon elementor-animation-\">\n\t\t\t\t<i aria-hidden=\"true\" class=\" ti-eye\"><\/i>\t\t\t\t<\/span>\n\t\t\t<\/div>\n\t\t\t\n\t\t\t\t\t\t<div class=\"elementor-icon-box-content\">\n\n\t\t\t\t\t\t\t\t\t<h3 class=\"elementor-icon-box-title\">\n\t\t\t\t\t\t<span  >\n\t\t\t\t\t\t\tVisi\u00f3n\t\t\t\t\t\t<\/span>\n\t\t\t\t\t<\/h3>\n\t\t\t\t\n\t\t\t\t\t\t\t\t\t<p class=\"elementor-icon-box-description\">\n\t\t\t\t\t\tSer reconocidos como referente en la creaci\u00f3n de experiencias de viaje aut\u00e9nticas y personalizadas.\t\t\t\t\t<\/p>\n\t\t\t\t\n\t\t\t<\/div>\n\t\t\t\n\t\t<\/div>\n\t\t\t\t<\/div>\n\t\t\t\t<\/div>\n\t\t\t\t<div class=\"elementor-element elementor-element-3842cb3 elementor-position-left elementor-view-stacked elementor-shape-circle elementor-mobile-position-top elementor-vertical-align-top elementor-widget elementor-widget-icon-box\" data-id=\"3842cb3\" data-element_type=\"widget\" data-widget_type=\"icon-box.default\">\n\t\t\t\t<div class=\"elementor-widget-container\">\n\t\t\t\t\t<div class=\"elementor-icon-box-wrapper\">\n\n\t\t\t\t\t\t<div class=\"elementor-icon-box-icon\">\n\t\t\t\t<span  class=\"elementor-icon elementor-animation-\">\n\t\t\t\t<i aria-hidden=\"true\" class=\" icon_check\"><\/i>\t\t\t\t<\/span>\n\t\t\t<\/div>\n\t\t\t\n\t\t\t\t\t\t<div class=\"elementor-icon-box-content\">\n\n\t\t\t\t\t\t\t\t\t<h3 class=\"elementor-icon-box-title\">\n\t\t\t\t\t\t<span  >\n\t\t\t\t\t\t\tValores\t\t\t\t\t\t<\/span>\n\t\t\t\t\t<\/h3>\n\t\t\t\t\n\t\t\t\t\t\t\t\t\t<p class=\"elementor-icon-box-description\">\n\t\t\t\t\t\tIntegridad, excelencia, mejora continua, personalizaci\u00f3n, atenci\u00f3n a los detalles, compromiso con la satisfacci\u00f3n del cliente y pasi\u00f3n por crear experiencias de viajes genuinas e inolvidables.\t\t\t\t\t<\/p>\n\t\t\t\t\n\t\t\t<\/div>\n\t\t\t\n\t\t<\/div>\n\t\t\t\t<\/div>\n\t\t\t\t<\/div>\n\t\t\t\t\t<\/div>\n\t\t\t\t<\/div>\n\t\t<div class=\"elementor-element elementor-element-4550c441 e-con-full e-flex wpr-particle-no wpr-jarallax-no wpr-parallax-no wpr-sticky-section-no e-con e-child\" data-id=\"4550c441\" data-element_type=\"container\" data-settings=\"{&quot;jet_parallax_layout_list&quot;:[]}\">\n\t\t\t\t<div class=\"elementor-element elementor-element-0414e81 elementor-widget elementor-widget-video\" data-id=\"0414e81\" data-element_type=\"widget\" data-settings=\"{&quot;video_type&quot;:&quot;hosted&quot;,&quot;autoplay&quot;:&quot;yes&quot;,&quot;play_on_mobile&quot;:&quot;yes&quot;,&quot;sticky&quot;:&quot;top&quot;,&quot;sticky_offset&quot;:24,&quot;sticky_parent&quot;:&quot;yes&quot;,&quot;controls&quot;:&quot;yes&quot;,&quot;sticky_on&quot;:[&quot;desktop&quot;,&quot;tablet&quot;,&quot;mobile&quot;],&quot;sticky_effects_offset&quot;:0}\" data-widget_type=\"video.default\">\n\t\t\t\t<div class=\"elementor-widget-container\">\n\t\t\t\t\t<div class=\"e-hosted-video elementor-wrapper elementor-open-inline\">\n\t\t\t\t\t<video class=\"elementor-video\" src=\"https:\/\/semprenopetravel.com\/es\/wp-content\/uploads\/2024\/08\/521590_Activity_Beach_1920x1080.mp4\" autoplay=\"\" controls=\"\" playsinline=\"\" controlsList=\"nodownload\"><\/video>\n\t\t\t\t<\/div>\n\t\t\t\t<\/div>\n\t\t\t\t<\/div>\n\t\t\t\t<\/div>\n\t\t\t\t<\/div>\n\t\t<div class=\"elementor-element elementor-element-ef2bf11 e-con-full e-flex wpr-particle-no wpr-jarallax-no wpr-parallax-no wpr-sticky-section-no e-con e-parent\" data-id=\"ef2bf11\" data-element_type=\"container\" data-settings=\"{&quot;jet_parallax_layout_list&quot;:[]}\">\n\t\t<div class=\"elementor-element elementor-element-4d44655 e-flex e-con-boxed wpr-particle-no wpr-jarallax-no wpr-parallax-no wpr-sticky-section-no e-con e-child\" data-id=\"4d44655\" data-element_type=\"container\" data-settings=\"{&quot;jet_parallax_layout_list&quot;:[]}\">\n\t\t\t\t\t<div class=\"e-con-inner\">\n\t\t\t\t<div class=\"elementor-element elementor-element-cb5ff2d elementor-widget elementor-widget-heading\" data-id=\"cb5ff2d\" data-element_type=\"widget\" data-widget_type=\"heading.default\">\n\t\t\t\t<div class=\"elementor-widget-container\">\n\t\t\t<h2 class=\"elementor-heading-title elementor-size-default\">Acerca de nuestro nombre<\/h2>\t\t<\/div>\n\t\t\t\t<\/div>\n\t\t\t\t<div class=\"elementor-element elementor-element-377eb36 elementor-widget elementor-widget-text-editor\" data-id=\"377eb36\" data-element_type=\"widget\" data-widget_type=\"text-editor.default\">\n\t\t\t\t<div class=\"elementor-widget-container\">\n\t\t\t\t\t\t\t<p>Desde el principio, Semprenop\u00e9 Travel se ha comprometido a ofrecer mucho m\u00e1s que solo viajes. Nuestro nombre simboliza la esencia de un esp\u00edritu siempre en movimiento, en busca de nuevos horizontes y descubrimientos.<\/p><p>Nuestra identidad visual expresa nuestra pasi\u00f3n por los viajes, la aventura y las verdaderas conexiones. Cada detalle de la marca y elecci\u00f3n de color resalta nuestro compromiso de crear experiencias de viajes genuinas, con comodidad, seguridad y alegr\u00eda.\u00a0<\/p>\t\t\t\t\t\t<\/div>\n\t\t\t\t<\/div>\n\t\t\t\t\t<\/div>\n\t\t\t\t<\/div>\n\t\t<div class=\"elementor-element elementor-element-4b6aa7d e-con-full e-flex wpr-particle-no wpr-jarallax-no wpr-parallax-no wpr-sticky-section-no e-con e-child\" data-id=\"4b6aa7d\" data-element_type=\"container\" data-settings=\"{&quot;jet_parallax_layout_list&quot;:[]}\">\n\t\t\t\t<div class=\"elementor-element elementor-element-fcb0a04 elementor-widget elementor-widget-image\" data-id=\"fcb0a04\" data-element_type=\"widget\" data-widget_type=\"image.default\">\n\t\t\t\t<div class=\"elementor-widget-container\">\n\t\t\t\t\t\t\t\t\t\t\t\t\t\t<a href=\"https:\/\/semprenopetravel.com\/es\/wp-content\/uploads\/2024\/03\/Logo-Semprenope.png\" data-elementor-open-lightbox=\"yes\" data-elementor-lightbox-title=\"Logo Semprenope\" data-e-action-hash=\"#elementor-action%3Aaction%3Dlightbox%26settings%3DeyJpZCI6MjM0MSwidXJsIjoiaHR0cHM6XC9cL3NlbXByZW5vcGV0cmF2ZWwuY29tXC9lc1wvd3AtY29udGVudFwvdXBsb2Fkc1wvMjAyNFwvMDNcL0xvZ28tU2VtcHJlbm9wZS5wbmcifQ%3D%3D\">\n\t\t\t\t\t\t\t<img fetchpriority=\"high\" decoding=\"async\" width=\"807\" height=\"204\" src=\"https:\/\/semprenopetravel.com\/es\/wp-content\/uploads\/2024\/03\/Logo-Semprenope.png\" class=\"attachment-full size-full wp-image-2341\" alt=\"\" srcset=\"https:\/\/semprenopetravel.com\/es\/wp-content\/uploads\/2024\/03\/Logo-Semprenope.png 807w, https:\/\/semprenopetravel.com\/es\/wp-content\/uploads\/2024\/03\/Logo-Semprenope-300x76.png 300w, https:\/\/semprenopetravel.com\/es\/wp-content\/uploads\/2024\/03\/Logo-Semprenope-768x194.png 768w\" sizes=\"(max-width: 807px) 100vw, 807px\" \/>\t\t\t\t\t\t\t\t<\/a>\n\t\t\t\t\t\t\t\t\t\t\t\t\t<\/div>\n\t\t\t\t<\/div>\n\t\t\t\t<\/div>\n\t\t\t\t<\/div>\n\t\t<div class=\"elementor-element elementor-element-2c407db e-con-full e-flex wpr-particle-no wpr-jarallax-no wpr-parallax-no wpr-sticky-section-no e-con e-parent\" data-id=\"2c407db\" data-element_type=\"container\" data-settings=\"{&quot;jet_parallax_layout_list&quot;:[]}\">\n\t\t<div class=\"elementor-element elementor-element-df9a78f e-flex e-con-boxed wpr-particle-no wpr-jarallax-no wpr-parallax-no wpr-sticky-section-no e-con e-child\" data-id=\"df9a78f\" data-element_type=\"container\" data-settings=\"{&quot;jet_parallax_layout_list&quot;:[]}\">\n\t\t\t\t\t<div class=\"e-con-inner\">\n\t\t\t\t<div class=\"elementor-element elementor-element-cb7aaa7 elementor-widget elementor-widget-heading\" data-id=\"cb7aaa7\" data-element_type=\"widget\" data-widget_type=\"heading.default\">\n\t\t\t\t<div class=\"elementor-widget-container\">\n\t\t\t<h2 class=\"elementor-heading-title elementor-size-default\">Iblin Olmos<\/h2>\t\t<\/div>\n\t\t\t\t<\/div>\n\t\t\t\t<div class=\"elementor-element elementor-element-5239b08 elementor-widget elementor-widget-heading\" data-id=\"5239b08\" data-element_type=\"widget\" data-widget_type=\"heading.default\">\n\t\t\t\t<div class=\"elementor-widget-container\">\n\t\t\t<h2 class=\"elementor-heading-title elementor-size-default\">FUNDADORA Y DIRECTORA<\/h2>\t\t<\/div>\n\t\t\t\t<\/div>\n\t\t\t\t<div class=\"elementor-element elementor-element-db7ecc8 elementor-widget elementor-widget-text-editor\" data-id=\"db7ecc8\" data-element_type=\"widget\" data-widget_type=\"text-editor.default\">\n\t\t\t\t<div class=\"elementor-widget-container\">\n\t\t\t\t\t\t\t<p>Iblin Olmos es la mente visionaria y la fuerza motriz detr\u00e1s de Semprenop\u00e9 Travel. Con una s\u00f3lida trayectoria en la industria del turismo y una pasi\u00f3n por crear experiencias de viajes \u00fanicas y personalizadas, su camino en el mundo de los viajes ha sido moldeado por una profunda e insaciable curiosidad por culturas y destinos diversos. Impulsada por este deseo, Iblin ha explorado una amplia gama de pa\u00edses, adquiriendo un conocimiento vasto y profundo sobre itinerarios exclusivos, pasando por destinos como Estados Unidos, Espa\u00f1a, Pa\u00edses Bajos, Francia, B\u00e9lgica, Alemania, Suiza, Italia, Brasil, Argentina y Colombia.<\/p>\n<p>Comprometida con sus ra\u00edces, tambi\u00e9n ha recorrido diversos lugares tur\u00edsticos de su pa\u00eds de origen, Bolivia, descubriendo maravillas como el Salar de Uyuni, el Lago Titicaca y las Misiones Jesu\u00edticas, adem\u00e1s de ciudades ricas en cultura e historia, como Santa Cruz, La Paz, Cochabamba, Sucre, Trinidad, Potos\u00ed, Oruro y Tarija.<\/p>\n<p>Formada en Administraci\u00f3n de Hotelaria y Turismo, con especializaci\u00f3n en Planificaci\u00f3n de Viajes, Iblin se dedica a comprender las necesidades y deseos de cada cliente, asegurando que cada detalle sea meticulosamente planeado. Su misi\u00f3n es transformar sue\u00f1os en realidad, creando momentos que ser\u00e1n eternamente guardados en la memoria de sus clientes. Con un compromiso con la excelencia y la personalizaci\u00f3n, Iblin Olmos ha hecho de Semprenop\u00e9 Travel un verdadero reflejo de su pasi\u00f3n y dedicaci\u00f3n.<\/p>\n\t\t\t\t\t\t<\/div>\n\t\t\t\t<\/div>\n\t\t\t\t\t<\/div>\n\t\t\t\t<\/div>\n\t\t<div class=\"elementor-element elementor-element-dbc934a e-con-full e-flex wpr-particle-no wpr-jarallax-no wpr-parallax-no wpr-sticky-section-no e-con e-child\" data-id=\"dbc934a\" data-element_type=\"container\" data-settings=\"{&quot;jet_parallax_layout_list&quot;:[]}\">\n\t\t\t\t<div class=\"elementor-element elementor-element-9be7db3 elementor-widget elementor-widget-image\" data-id=\"9be7db3\" data-element_type=\"widget\" data-settings=\"{&quot;sticky&quot;:&quot;top&quot;,&quot;sticky_offset&quot;:28,&quot;sticky_parent&quot;:&quot;yes&quot;,&quot;sticky_on&quot;:[&quot;desktop&quot;,&quot;tablet&quot;,&quot;mobile&quot;],&quot;sticky_effects_offset&quot;:0}\" data-widget_type=\"image.default\">\n\t\t\t\t<div class=\"elementor-widget-container\">\n\t\t\t\t\t\t\t\t\t\t\t\t\t<img decoding=\"async\" width=\"938\" height=\"1200\" src=\"https:\/\/semprenopetravel.com\/es\/wp-content\/uploads\/2024\/09\/Iblin.png\" class=\"attachment-full size-full wp-image-2754\" alt=\"\" srcset=\"https:\/\/semprenopetravel.com\/es\/wp-content\/uploads\/2024\/09\/Iblin.png 938w, https:\/\/semprenopetravel.com\/es\/wp-content\/uploads\/2024\/09\/Iblin-235x300.png 235w, https:\/\/semprenopetravel.com\/es\/wp-content\/uploads\/2024\/09\/Iblin-800x1024.png 800w, https:\/\/semprenopetravel.com\/es\/wp-content\/uploads\/2024\/09\/Iblin-768x983.png 768w\" sizes=\"(max-width: 938px) 100vw, 938px\" \/>\t\t\t\t\t\t\t\t\t\t\t\t\t<\/div>\n\t\t\t\t<\/div>\n\t\t\t\t<\/div>\n\t\t\t\t<\/div>\n\t\t\t\t<\/div>\n\t\t","protected":false},"excerpt":{"rendered":"<p>\u00bfQUI\u00c9NES SOMOS? Bienvenido a Semprenop\u00e9 Travel! Misi\u00f3n Crear experiencias de viaje personalizadas, cuidando cada detalle con excelencia y dedicaci\u00f3n, para lograr que nuestros clientes vivan momentos \u00fanicos y memorables. Visi\u00f3n Ser reconocidos como referente en la creaci\u00f3n de experiencias de viaje aut\u00e9nticas y personalizadas. Valores Integridad, excelencia, mejora continua, personalizaci\u00f3n, atenci\u00f3n a los detalles, compromiso con la satisfacci\u00f3n del cliente y pasi\u00f3n por crear experiencias de viajes genuinas e inolvidables. https:\/\/semprenopetravel.com\/es\/wp-content\/uploads\/2024\/08\/521590_Activity_Beach_1920x1080.mp4 Acerca de nuestro nombre Desde el principio, Semprenop\u00e9 Travel se ha comprometido a ofrecer mucho m\u00e1s que solo viajes. Nuestro nombre simboliza la esencia de un esp\u00edritu siempre en movimiento, en busca de nuevos horizontes y descubrimientos. Nuestra identidad visual expresa nuestra pasi\u00f3n por los viajes, la aventura y las verdaderas conexiones. Cada detalle de la marca y elecci\u00f3n de color resalta nuestro compromiso de crear experiencias de viajes genuinas, con comodidad, seguridad y alegr\u00eda.\u00a0 Iblin Olmos FUNDADORA Y DIRECTORA<\/p>\n","protected":false},"author":1,"featured_media":0,"parent":0,"menu_order":0,"comment_status":"closed","ping_status":"closed","template":"elementor_header_footer","meta":{"footnotes":""},"class_list":["post-891","page","type-page","status-publish","hentry"],"_links":{"self":[{"href":"https:\/\/semprenopetravel.com\/es\/wp-json\/wp\/v2\/pages\/891","targetHints":{"allow":["GET"]}}],"collection":[{"href":"https:\/\/semprenopetravel.com\/es\/wp-json\/wp\/v2\/pages"}],"about":[{"href":"https:\/\/semprenopetravel.com\/es\/wp-json\/wp\/v2\/types\/page"}],"author":[{"embeddable":true,"href":"https:\/\/semprenopetravel.com\/es\/wp-json\/wp\/v2\/users\/1"}],"replies":[{"embeddable":true,"href":"https:\/\/semprenopetravel.com\/es\/wp-json\/wp\/v2\/comments?post=891"}],"version-history":[{"count":14,"href":"https:\/\/semprenopetravel.com\/es\/wp-json\/wp\/v2\/pages\/891\/revisions"}],"predecessor-version":[{"id":4305,"href":"https:\/\/semprenopetravel.com\/es\/wp-json\/wp\/v2\/pages\/891\/revisions\/4305"}],"wp:attachment":[{"href":"https:\/\/semprenopetravel.com\/es\/wp-json\/wp\/v2\/media?parent=891"}],"curies":[{"name":"wp","href":"https:\/\/api.w.org\/{rel}","templated":true}]}}